{"id":73,"date":"2016-09-14T12:16:37","date_gmt":"2016-09-14T17:16:37","guid":{"rendered":"https:\/\/www.uv.mx\/tipmal\/?page_id=73"},"modified":"2017-01-20T13:45:31","modified_gmt":"2017-01-20T19:45:31","slug":"premio-internacional","status":"publish","type":"page","link":"https:\/\/www.uv.mx\/tipmal\/premio-internacional\/","title":{"rendered":"Premio Internacional"},"content":{"rendered":"<blockquote><p>El art\u00edculo seleccionado ser\u00e1 publicado en la revista Ul\u00faa, de acuerdo a sus normas, adem\u00e1s, el autor del art\u00edculo premiado recibir\u00e1 de manos del director (a) \u00a0del IIH-S y de los coordinadores del Grupo de Trabajo AHILA, un apoyo econ\u00f3mico utilizable para fines profesionales.<\/p><\/blockquote>\n<p>El Grupo de Trabajo de la Asociaci\u00f3n Europea de Historiadores Latinoamericanistas (AHILA) \u201cTrabajo intelectual, pensamiento y modernidad en Am\u00e9rica Latina, siglos XIX y XX\u201d y el Cuerpo Acad\u00e9mico \u201cHistoria y Cultura\u201d del Instituto de Investigaciones Hist\u00f3rico Sociales (IIH-S) de la Universidad Veracruzana han instituido un premio destinado a recompensar un art\u00edculo original, relativo al dominio, escrito por un(a) investigador(a) emergente (es decir, en principio, doctorando o doctor desde tres a\u00f1os m\u00e1ximo en la fecha de sumisi\u00f3n de art\u00edculos al comit\u00e9), contando con el oportuno aparato cr\u00edtico (bibliograf\u00eda y relaci\u00f3n de fuentes documentales consultadas, notas a pie de p\u00e1gina, etc.). Al interior del dominio indicado, todos los temas son admitidos. Sin embargo, el art\u00edculo debe ser redactado en castellano o portugu\u00e9s, as\u00ed como ser de primera edici\u00f3n y no haber sido publicado ni premiado con anterioridad o hallarse pendientes de fallo en otro premio. Cada participante deber\u00e1 concurrir con un solo trabajo.<\/p>\n<ul>\n<li><span style=\"color: #008080\"><a style=\"color: #008080\" href=\"https:\/\/www.uv.mx\/tipmal\/premio-internacional\/primera-edicion\/\">Primera edici\u00f3n<\/a><\/span><\/li>\n<\/ul>\n<p>&nbsp;<\/p>\n<ul>\n<li><span style=\"color: #008080\"><a style=\"color: #008080\" href=\"https:\/\/www.uv.mx\/tipmal\/premio-internacional\/segunda-edicion\/\">Segunda edici\u00f3n<\/a><\/span><\/li>\n<\/ul>\n<p>&nbsp;<\/p>\n<ul>\n<li><span style=\"color: #008080\"><a style=\"color: #008080\" href=\"https:\/\/www.uv.mx\/tipmal\/tercera-edicion\/\">Tercera edici\u00f3n\u00a0<\/a><\/span><\/li>\n<\/ul>\n","protected":false},"excerpt":{"rendered":"<p>El art\u00edculo seleccionado ser\u00e1 publicado en la revista Ul\u00faa, de acuerdo a sus normas, adem\u00e1s, el autor del art\u00edculo premiado recibir\u00e1 de manos del director (a) \u00a0del IIH-S y de los coordinadores del Grupo de Trabajo AHILA, un apoyo econ\u00f3mico utilizable para fines profesionales. El Grupo de Trabajo de la Asociaci\u00f3n Europea de Historiadores Latinoamericanistas [&hellip;]<\/p>\n","protected":false},"author":1880,"featured_media":0,"parent":0,"menu_order":5,"comment_status":"closed","ping_status":"closed","template":"","meta":[],"_links":{"self":[{"href":"https:\/\/www.uv.mx\/tipmal\/wp-json\/wp\/v2\/pages\/73"}],"collection":[{"href":"https:\/\/www.uv.mx\/tipmal\/wp-json\/wp\/v2\/pages"}],"about":[{"href":"https:\/\/www.uv.mx\/tipmal\/wp-json\/wp\/v2\/types\/page"}],"author":[{"embeddable":true,"href":"https:\/\/www.uv.mx\/tipmal\/wp-json\/wp\/v2\/users\/1880"}],"replies":[{"embeddable":true,"href":"https:\/\/www.uv.mx\/tipmal\/wp-json\/wp\/v2\/comments?post=73"}],"version-history":[{"count":0,"href":"https:\/\/www.uv.mx\/tipmal\/wp-json\/wp\/v2\/pages\/73\/revisions"}],"wp:attachment":[{"href":"https:\/\/www.uv.mx\/tipmal\/wp-json\/wp\/v2\/media?parent=73"}],"curies":[{"name":"wp","href":"https:\/\/api.w.org\/{rel}","templated":true}]}}